{"id":33,"date":"2026-01-08T17:22:20","date_gmt":"2026-01-08T17:22:20","guid":{"rendered":"https:\/\/tucontador.webstrategias.com\/?page_id=33"},"modified":"2026-01-08T17:22:20","modified_gmt":"2026-01-08T17:22:20","slug":"terminos-condiciones","status":"publish","type":"page","link":"https:\/\/tucontador.co\/en\/terminos-condiciones\/","title":{"rendered":"T\u00e9rminos y condiciones de uso"},"content":{"rendered":"<p>Esta p\u00e1gina web es propiedad y est\u00e1 operado por <a href=\"http:\/\/tucontador.co\/en\/\">TUCONTADOR.CO<\/a> Estos T\u00e9rminos establecen los t\u00e9rminos y condiciones bajo los cuales puedes usar nuestra p\u00e1gina web y nuestros servicios.&nbsp;<\/p>\n\n\n\n<p>Esta p\u00e1gina web ofrece a los visitantes descripci\u00f3n de los productos que ofrecen nuestros profesionales a cargo.<\/p>\n\n\n\n<p>Al acceder o usar la p\u00e1gina web, aceptas haber le\u00eddo, entendido y aceptado estar sujeto a estos T\u00e9rminos:<\/p>\n\n\n\n<p><strong>INFORMACI\u00d3N RELEVANTE<\/strong><\/p>\n\n\n\n<p>En algunos casos, para adquirir un servicio ser\u00e1 necesario el registro por parte del usuario, con ingreso de datos personales fidedignos para contacto, en caso de que se haya registrado y que sea necesario para el uso de alguno de nuestros <a href=\"http:\/\/servicios.tucontador.co\">servicios.&nbsp;<\/a><\/p>\n\n\n\n<p>Todas las transacciones que se lleven a cabo por medio de este sitio web, est\u00e1n sujetas a un proceso de confirmaci\u00f3n y verificaci\u00f3n, el cual podr\u00eda incluir la validaci\u00f3n de la forma de pago, validaci\u00f3n de contrato y el cumplimiento de las condiciones requeridas&nbsp;<\/p>\n\n\n\n<p>En algunos casos puede que se requiera una verificaci\u00f3n por medio de correo electr\u00f3nico.<\/p>\n\n\n\n<p>Los precios de los servicios ofrecidos en esta web son v\u00e1lidos solamente en las suscripciones realizadas en este sitio web,membres\u00edas descuentos y dem\u00e1s.&nbsp;<\/p>","protected":false},"excerpt":{"rendered":"<p>Esta p\u00e1gina web es propiedad y est\u00e1 operado por TUCONTADOR.CO Estos T\u00e9rminos establecen los t\u00e9rminos y condiciones bajo los cuales<\/p>","protected":false},"author":2,"featured_media":0,"parent":0,"menu_order":0,"comment_status":"closed","ping_status":"closed","template":"","meta":{"footnotes":""},"class_list":["post-33","page","type-page","status-publish","hentry"],"_links":{"self":[{"href":"https:\/\/tucontador.co\/en\/wp-json\/wp\/v2\/pages\/33","targetHints":{"allow":["GET"]}}],"collection":[{"href":"https:\/\/tucontador.co\/en\/wp-json\/wp\/v2\/pages"}],"about":[{"href":"https:\/\/tucontador.co\/en\/wp-json\/wp\/v2\/types\/page"}],"author":[{"embeddable":true,"href":"https:\/\/tucontador.co\/en\/wp-json\/wp\/v2\/users\/2"}],"replies":[{"embeddable":true,"href":"https:\/\/tucontador.co\/en\/wp-json\/wp\/v2\/comments?post=33"}],"version-history":[{"count":0,"href":"https:\/\/tucontador.co\/en\/wp-json\/wp\/v2\/pages\/33\/revisions"}],"wp:attachment":[{"href":"https:\/\/tucontador.co\/en\/wp-json\/wp\/v2\/media?parent=33"}],"curies":[{"name":"wp","href":"https:\/\/api.w.org\/{rel}","templated":true}]}}